{"id":31649,"date":"2022-05-13T12:48:02","date_gmt":"2022-05-13T10:48:02","guid":{"rendered":"https:\/\/ligna.cloth.be\/?page_id=31649"},"modified":"2025-02-20T17:04:44","modified_gmt":"2025-02-20T16:04:44","slug":"a-propos","status":"publish","type":"page","link":"https:\/\/ligna.cloth.be\/fr-fr\/a-propos\/","title":{"rendered":"A propos"},"content":{"rendered":"<div class=\"cloth-spacer-xlarge\"><\/div><div id=\"\" class=\"section section-row  margin-small\">\n\t<div class=\"wrapper-small\">\n\t\t<div class=\"grid-row spaced-xlarge default grid-align-top\">\n\t\t\n<div class=\"text-dark col-12\">\n\t\t    \n<div class=\"cloth-spacer-xlarge\"><\/div>\n\n<div class=\"cloth-block-image cloth-anim\" data-parallax-speed=\"\">\n\n\n\n\t<div class=\"cloth-image-container cloth-anim-inner  media-ratio-auto\" style=\"max-width:768px\">\n\t\t\n\t\t\n\t\t\t<span class=\"media\"><span class=\"media-item\">\t\t\t<img src=\"https:\/\/ligna.cloth.be\/wp-content\/uploads\/2024\/12\/Design-ohne-Titel-768x269.png\" srcset=\"https:\/\/ligna.cloth.be\/wp-content\/uploads\/2024\/12\/Design-ohne-Titel-768x269.png 1680w, https:\/\/ligna.cloth.be\/wp-content\/uploads\/2024\/12\/Design-ohne-Titel-512x180.png 512w\"  width=\"768\" height=\"269\" alt=\"LOGO Torreilles 1024x359px\" decoding=\"async\" loading=\"lazy\"\/>\t\t\t\t\t\t<\/span><\/span>\n\t\t\n\t\t<div class=\"slanting-side slanting-del\"><\/div>\t\t\t\n\t<\/div>\n\n\t\n\n\t\t\t\n\t<\/div>\n\n<h3 class=\"wp-block-heading\"><strong>Importateur exclusiv des structures en bois LIGNA systems en France<\/strong><br \/><\/h3>\n\n<div class=\"cloth-spacer-medium\"><\/div>\n\n<p class=\"intro\">L\u2019entreprise Torreilles Constructions Bois est sp\u00e9cialis\u00e9e dans l\u2019\u00e9tude, la production et la pose de b\u00e2timents en structure bois. Implant\u00e9s solidement au c\u0153ur de la Lorraine depuis 2013, son rayonnement est national avec des projets engag\u00e9s sur tout le territoire fran\u00e7ais. Notre gage de professionnalisme et de s\u00e9rieux nous a permis de nous agrandir au fil des ann\u00e9es.<\/p>\n\n<p class=\"intro\">En <strong>2019<\/strong> : ouverture d\u2019une deuxi\u00e8me agence \u00e0 Wissembourg en Alsace.<br \/>Puis en <strong>2023<\/strong> : un troisi\u00e8me \u00e9tablissement est cr\u00e9\u00e9 \u00e0 Morville-l\u00e8s-Vic, principalement destin\u00e9 \u00e0 la conception et \u00e0 la production de structures en bois.<\/p>\n\n<p class=\"intro\">Aujourd\u2019hui, l\u2019entreprise capitalise sur plus de 10 ans d\u2019exp\u00e9rience et une quarantaine de salari\u00e9s form\u00e9s et exp\u00e9riment\u00e9s.<\/p>\n\t\t\n\t\n<\/div>\n\t\t<\/div>\n\t<\/div>\n\n\t\n\t\n\t<!--<div class=\"slanting-side slanting-del\"><\/div>-->\n<\/div><div id=\"\" class=\"section section-row  margin-large\">\n\t<div class=\"wrapper-small\">\n\t\t<div class=\"grid-row spaced-medium default grid-align-top\">\n\t\t\n<div class=\"text-dark col-7 intro\">\n\t\t    \n<span class=\"font-weight-600 h8 uppercase cloth-subtitle colored\">Chiffres cl\u00e9s<\/span>\n\n<ul class=\"wp-block-list\"><li>3 sites en France<\/li><\/ul>\n\n<ul class=\"wp-block-list\"><li>Atelier de production et de taille du bois en Lorraine<\/li><\/ul>\n\n<ul class=\"wp-block-list\"><li>+10 ans d&rsquo;exp\u00e9rience<\/li><\/ul>\n\n<ul class=\"wp-block-list\"><li>Accompagnement complet de l\u2019\u00e9tude du projet, \u00e0 la taille du bois, production de la structure, jusqu\u2019\u00e0 la pose.<\/li><\/ul>\n\n<ul class=\"wp-block-list\"><li>Plans 3D d\u00e8s l\u2019\u00e9tape du devis<\/li><\/ul>\n\n<ul class=\"wp-block-list\"><li>+40 salari\u00e9s form\u00e9s et exp\u00e9riment\u00e9s<\/li><\/ul>\n\n<ul class=\"wp-block-list\"><li>Plus de 180 000 m2 r\u00e9alis\u00e9s<\/li><\/ul>\n\t\t\n\t\n<\/div>\n\n<div class=\"text-dark col-5\">\n\t\t    \n\n\n<div class=\"cloth-block-image cloth-anim\" data-parallax-speed=\"\">\n\n\n\n\t<div class=\"cloth-image-container cloth-anim-inner  media-ratio-1-1\" style=\"max-width:768px\">\n\t\t\n\t\t\n\t\t\t<span class=\"media\"><span class=\"media-item\">\t\t\t<img src=\"https:\/\/ligna.cloth.be\/wp-content\/uploads\/2025\/02\/Bernard-768x1075.jpg\" srcset=\"https:\/\/ligna.cloth.be\/wp-content\/uploads\/2025\/02\/Bernard-768x1075.jpg 1680w, https:\/\/ligna.cloth.be\/wp-content\/uploads\/2025\/02\/Bernard-512x717.jpg 512w\"  width=\"768\" height=\"1075\" alt=\"Torreilles Construction Bois\" decoding=\"async\" loading=\"lazy\"\/>\t\t\t\t\t\t<\/span><\/span>\n\t\t\n\t\t<div class=\"slanting-side slanting-del\"><\/div>\t\t\t\n\t<\/div>\n\n\t\n\n\t\t\t\n\t<\/div>\n\n<p>Bernard Torreilles &#8211; CEO Torreilles Construction Bois<\/p>\n\t\t\n\t\n<\/div>\n\t\t<\/div>\n\t<\/div>\n\n\t\n\t\n\t<!--<div class=\"slanting-side slanting-del\"><\/div>-->\n<\/div><div id=\"\" class=\"section section-row  margin-small\">\n\t<div class=\"wrapper-small\">\n\t\t<div class=\"grid-row spaced-xlarge default grid-align-top\">\n\t\t\n<div class=\"text-dark col-12\">\n\t\t    \n<h3 class=\"wp-block-heading\"><strong>\u00c0 propos de Torreilles Construction Bois <\/strong><br \/><strong>et LIGNA systems<\/strong><br \/><\/h3>\n\n<div class=\"cloth-spacer-large\"><\/div>\n\n<p class=\"quote h4 colored\"><strong><\/strong><strong>Un partenariat exclusif pour des structures en bois innovantes et durables<\/strong>:<br \/><\/p>\n\n<p>Torreilles Construction est fier d\u2019\u00eatre le partenaire exclusif de LIGNA systems en France. Bas\u00e9e en Lorraine, l\u2019entreprise s\u2019appuie sur l\u2019expertise internationale de LIGNA systems, un leader reconnu pour ses solutions innovantes et durables dans le domaine des structures en bois.<\/p>\n\n<div class=\"cloth-spacer-large\"><\/div>\n\n<p class=\"quote h4 colored\"><strong><\/strong><strong>Notre mission : Une approche durable et performante<\/strong>:<br \/><\/p>\n\n<p>Sp\u00e9cialis\u00e9s dans la conception et la production de structures en bois pour des b\u00e2timents industriels, commerciaux et logistiques, nous proposons des solutions durables, performantes et \u00e9conomiques, adapt\u00e9es aux exigences des grands projets de construction. Nos structures, fabriqu\u00e9es \u00e0 partir de bois issu de for\u00eats g\u00e9r\u00e9es durablement, permettent de r\u00e9duire significativement l\u2019empreinte carbone de chaque projet. Gr\u00e2ce \u00e0 leur conception modulaire, elles allient efficacit\u00e9, esth\u00e9tique et durabilit\u00e9, offrant une alternative comp\u00e9titive aux structures en acier et en b\u00e9ton.<\/p>\n\n<div class=\"cloth-spacer-large\"><\/div>\n\n<p class=\"quote h4 colored\"><strong><\/strong><strong>Une expertise locale et internationale<\/strong>:<br \/><\/p>\n\n<p>Avec plus de <strong>180 000 m\u00b2 r\u00e9alis\u00e9s en France<\/strong> et <strong>500 projets dans le monde<\/strong>, Torreilles Construction et LIGNA systems combinent leurs forces pour r\u00e9pondre aux besoins sp\u00e9cifiques du march\u00e9 fran\u00e7ais. Cette collaboration r\u00e9unit l\u2019exp\u00e9rience internationale de LIGNA systems et le savoir-faire local de Torreilles Construction pour offrir des solutions de haute qualit\u00e9.<\/p>\n\n<div class=\"cloth-spacer-large\"><\/div>\n\n<p class=\"quote h4 colored\"><strong><\/strong><strong>Torreilles Construction : Votre sp\u00e9cialiste local en structures bois<\/strong>:<br \/><\/p>\n\n<p>Fond\u00e9e par Cl\u00e9ment Torreilles, Torreilles Construction est une entreprise familiale dynamique situ\u00e9e en Meurthe-et-Moselle, au c\u0153ur de la Lorraine. Depuis 2013, nous intervenons sur des projets industriels d\u2019envergure ainsi que sur des constructions pour particuliers \u00e0 travers toute la France.<\/p>\n\n<p>Avec une direction jeune et engag\u00e9e, nous avons su r\u00e9pondre aux besoins vari\u00e9s de nos clients tout en pla\u00e7ant le bois au centre de notre activit\u00e9. Chaque ann\u00e9e, nous investissons dans des outils et \u00e9quipements modernes pour garantir des r\u00e9alisations de qualit\u00e9, dans le respect des d\u00e9lais et des normes de s\u00e9curit\u00e9 les plus strictes. Gr\u00e2ce \u00e0 plus de <strong>10 ans d\u2019exp\u00e9rience<\/strong> et une \u00e9quipe de <strong>40 collaborateurs qualifi\u00e9s<\/strong>, Torreilles Construction associe tradition et innovation pour promouvoir le bois comme mat\u00e9riau de construction durable et performant.<\/p>\n\n<div class=\"cloth-spacer-large\"><\/div>\n\n<p class=\"quote h4 colored\"><strong>LIGNA systems : Un partenaire strat\u00e9gique international<\/strong><br \/><\/p>\n\n<p>Fond\u00e9 en 2008 par Olivier Dupuis, LIGNA systems est un acteur cl\u00e9 de la conception et de la production de structures en bois pour des b\u00e2timents industriels, commerciaux et logistiques. Avec plus de <strong>500 projets r\u00e9alis\u00e9s<\/strong> et une \u00e9quipe de <strong>75 collaborateurs<\/strong>, l\u2019entreprise est reconnue pour son expertise, son innovation et son engagement envers des solutions durables.<\/p>\n\n<p>La direction de LIGNA systems est assur\u00e9e par une \u00e9quipe de <strong>sept experts<\/strong>, qui g\u00e8rent les activit\u00e9s de l\u2019entreprise en Europe et en Am\u00e9rique du Nord. Partageant une vision commune, ils visent \u00e0 positionner LIGNA systems comme un leader mondial des structures en bois, en offrant des solutions performantes, comp\u00e9titives et respectueuses de l\u2019environnement.<\/p>\n\n<div class=\"cloth-spacer-large\"><\/div>\n\n<p class=\"quote h4 colored\"><strong><\/strong><strong>Notre engagement commun<\/strong><br \/><\/p>\n\n<p>Ensemble, Torreilles Construction et LIGNA systems s\u2019engagent \u00e0 fournir des b\u00e2timents de haute qualit\u00e9, comp\u00e9titifs en termes de co\u00fbts et parfaitement adapt\u00e9s aux besoins des clients. Nous unissons nos forces locales et internationales pour b\u00e2tir un avenir durable gr\u00e2ce au bois.<\/p>\n\n<div class=\"cloth-spacer-large\"><\/div>\n\n<section class=\"section imagebreaker\">\n\t    <div class=\"wrapper-full\">\n\t\t    <div class=\"grid-row spaced-medium\">\n                <div class=\"col-6\">\n                    <div class=\"cloth-image-container cloth-anim-inner media-ratio-8-5\">\n                            <span class=\"media\"><span class=\"media-item\"><\/span><\/span>\n                            <span class=\"media-imagebreaker fs-parallax\" data-parallax-speed=\"0.04\">\n                                <img src=\"https:\/\/ligna.cloth.be\/wp-content\/uploads\/2025\/02\/Torreilles-2-1-1920x1283.jpg\" srcset=\"https:\/\/ligna.cloth.be\/wp-content\/uploads\/2025\/02\/Torreilles-2-1-1920x1283.jpg 1680w, https:\/\/ligna.cloth.be\/wp-content\/uploads\/2025\/02\/Torreilles-2-1-1024x684.jpg 768w, https:\/\/ligna.cloth.be\/wp-content\/uploads\/2025\/02\/Torreilles-2-1-512x342.jpg 512w\"  width=\"1920\" height=\"1283\" alt=\"Torreilles-2 (1)\" decoding=\"async\" loading=\"lazy\"\/> \n                            <\/span>\n                        <div class=\"slanting-side slanting-del\"><\/div>\t\t\t\n                        <div class=\"slanting-side slanting-del slanting-top\"><\/div>\t\t\t\n                    <\/div>\n                <\/div>\n                <div class=\"col-6 align-right\">\n                    <div class=\"cloth-spacer-large hide-768\"><\/div>\n                    <div class=\"cloth-spacer-medium hide-768\"><\/div>\n                    <div class=\"cloth-image-container cloth-anim-inner media-ratio-8-5\">\n                            <span class=\"media\"><span class=\"media-item\"><\/span><\/span>\n                            <span class=\"media-imagebreaker fs-parallax\" data-parallax-speed=\"0.04\">\n                                                                <img src=\"https:\/\/ligna.cloth.be\/wp-content\/uploads\/2025\/02\/Torreilles-64-1920x1279.jpg\" srcset=\"https:\/\/ligna.cloth.be\/wp-content\/uploads\/2025\/02\/Torreilles-64-1920x1279.jpg 1680w, https:\/\/ligna.cloth.be\/wp-content\/uploads\/2025\/02\/Torreilles-64-1024x682.jpg 768w, https:\/\/ligna.cloth.be\/wp-content\/uploads\/2025\/02\/Torreilles-64-512x341.jpg 512w\"  width=\"1920\" height=\"1279\" alt=\"Torreilles-64\" decoding=\"async\" loading=\"lazy\"\/> \n                                                            <\/span>\n                        <div class=\"slanting-side slanting-del\"><\/div>\t\t\t\n                        <div class=\"slanting-side slanting-del slanting-top\"><\/div>\t\t\t\n                    <\/div>\n                <\/div>\n            <\/div>\n        <\/div>\n\t<\/section>\n\t\t\n\t\n<\/div>\n\t\t<\/div>\n\t<\/div>\n\n\t\n\t\n\t<!--<div class=\"slanting-side slanting-del\"><\/div>-->\n<\/div><div class=\"section section-background text-dark margin-large section-background-color-grey\">\n            <div class=\"section-inner\">\n                \n<div id=\"\" class=\"section section-row  margin-large\">\n\t<div class=\"wrapper-small\">\n\t\t<div class=\"grid-row spaced-medium boxed grid-align-top\">\n\t\t\n<div class=\"text-dark col-12\">\n\t\t    \n<div class=\"cloth-block-image cloth-anim col12\" data-parallax-speed=\"0.07\">\n\t\t<div class=\"cloth-image-container cloth-anim-inner  media-ratio-16-9\" style=\"max-width:1024px\">\n\t\t\t\n\t\t\t\t\t\t\t<span class=\"media 16-9\"><span class=\"media-item\">\t\t\t\t\t\t\t\t\t<video style=\"\" class=\"video-background \" preload=\"auto\" playsinline=\"playsinline\" autoplay=\"autoplay\" loop=\"true\" muted=\"muted\">\n\t\t\t\t\t\t<source src=\"https:\/\/ligna.cloth.be\/wp-content\/uploads\/2025\/02\/Torreilles_Construction-dun-hall-commercial-en-bois-pour-KS-Construction.mp4\" data-src=\"\" type=\"video\/mp4\"\/><\/video>\n\t\t\t\t\t\t\t\t<\/span><\/span>\t\t\t\n\t\t\t<div class=\"slanting-side slanting-del\"><\/div>\t\t\t\t\n\t\t<\/div>\n\t<\/div>\n\t\t\n\t\n<\/div>\n\t\t<\/div>\n\t<\/div>\n\n\t\n\t\n\t<!--<div class=\"slanting-side slanting-del\"><\/div>-->\n<\/div>\n\n            <\/div>\n\t\t\t\n\t\t\t\n\t\n    <div class=\"section-bg\">\n\t\t<div class=\"section-bg-el bg-color-grey\"><\/div>\n\t\t\n\t\t\n\t<\/div>\n    \n            <div class=\"slanting-side slanting-del\"><\/div>\n            <div class=\"slanting-side slanting-del slanting-top\"><\/div>\n        <\/div><div id=\"\" class=\"section section-row  margin-small\">\n\t<div class=\"wrapper-small\">\n\t\t<div class=\"grid-row spaced-medium default grid-align-bottom\">\n\t\t\n<div class=\"text-dark col-7\">\n\t\t    \n<span class=\"font-weight-600 h8 uppercase cloth-subtitle colored\">T\u00e9moignages<\/span>\n\n<h3 class=\"wp-block-heading\"><strong><\/strong><strong><\/strong><strong>Explorez nos projets r\u00e9alis\u00e9s<\/strong><\/h3>\n\n<p class=\"intro\">Parcourez les t\u00e9moignages de nos r\u00e9alisations en structures en bois pour b\u00e2timents industriels et commerciaux.&nbsp;<\/p>\n\t\t\n\t\n<\/div>\n\n<div class=\"text-dark col-5 hide-for-smartphone\">\n\t\t    \n\n\t\t\n\t\n<\/div>\n\t\t<\/div>\n\t<\/div>\n\n\t\n\t\n\t<!--<div class=\"slanting-side slanting-del\"><\/div>-->\n<\/div><div id=\"\" class=\"section section-row  margin-large\">\n\t<div class=\"wrapper-small\">\n\t\t<div class=\"grid-row spaced-medium default grid-align-top\">\n\t\t\n<div class=\"text-dark col-4\">\n\t\t    \n<span class=\"cloth-button\">\n\n\n<a class=\"btn btn-default btn-colored \" href=\"https:\/\/www.linkedin.com\/posts\/torreilles-construction-bois_torreilles-construction-bois-construction-activity-7207364596850962433-q1_u\" target=\"_blank\">\n                <span class=\"text\">\n                    <span>KS Construction<\/span>\n                    <span>KS Construction<\/span>\n                <\/span>\n                \n                <span class=\"slanting-side slanting-add\"><\/span>\n            <\/a>\n<\/span>\n\t\t\n\t\n<\/div>\n\n<div class=\"text-dark col-4\">\n\t\t    \n<span class=\"cloth-button\">\n\n\n<a class=\"btn btn-default btn-colored \" href=\"https:\/\/www.linkedin.com\/posts\/torreilles-construction-bois_extension-bureau-seichamps-storage-24-torreilles-activity-7215002856469209091-nL6l\" target=\"_blank\">\n                <span class=\"text\">\n                    <span>Storage 24<\/span>\n                    <span>Storage 24<\/span>\n                <\/span>\n                \n                <span class=\"slanting-side slanting-add\"><\/span>\n            <\/a>\n<\/span>\n\t\t\n\t\n<\/div>\n\n<div class=\"text-dark col-4\">\n\t\t    \n<span class=\"cloth-button\">\n\n\n<a class=\"btn btn-default btn-colored \" href=\"https:\/\/www.linkedin.com\/posts\/torreilles-construction-bois_torreilles-construction-bois-construction-activity-7209933995516538881-vqJ7\" target=\"_blank\">\n                <span class=\"text\">\n                    <span>2 halls industriels<\/span>\n                    <span>2 halls industriels<\/span>\n                <\/span>\n                \n                <span class=\"slanting-side slanting-add\"><\/span>\n            <\/a>\n<\/span>\n\t\t\n\t\n<\/div>\n\t\t<\/div>\n\t<\/div>\n\n\t\n\t\n\t<!--<div class=\"slanting-side slanting-del\"><\/div>-->\n<\/div>","protected":false},"excerpt":{"rendered":"","protected":false},"author":15,"featured_media":0,"parent":0,"menu_order":0,"comment_status":"closed","ping_status":"closed","template":"","meta":{"_acf_changed":false,"footnotes":""},"class_list":["post-31649","page","type-page","status-publish","hentry"],"acf":[],"_links":{"self":[{"href":"https:\/\/ligna.cloth.be\/fr-fr\/wp-json\/wp\/v2\/pages\/31649","targetHints":{"allow":["GET"]}}],"collection":[{"href":"https:\/\/ligna.cloth.be\/fr-fr\/wp-json\/wp\/v2\/pages"}],"about":[{"href":"https:\/\/ligna.cloth.be\/fr-fr\/wp-json\/wp\/v2\/types\/page"}],"author":[{"embeddable":true,"href":"https:\/\/ligna.cloth.be\/fr-fr\/wp-json\/wp\/v2\/users\/15"}],"replies":[{"embeddable":true,"href":"https:\/\/ligna.cloth.be\/fr-fr\/wp-json\/wp\/v2\/comments?post=31649"}],"version-history":[{"count":64,"href":"https:\/\/ligna.cloth.be\/fr-fr\/wp-json\/wp\/v2\/pages\/31649\/revisions"}],"predecessor-version":[{"id":33451,"href":"https:\/\/ligna.cloth.be\/fr-fr\/wp-json\/wp\/v2\/pages\/31649\/revisions\/33451"}],"wp:attachment":[{"href":"https:\/\/ligna.cloth.be\/fr-fr\/wp-json\/wp\/v2\/media?parent=31649"}],"curies":[{"name":"wp","href":"https:\/\/api.w.org\/{rel}","templated":true}]}}