{"id":32928,"date":"2022-08-16T16:07:48","date_gmt":"2022-08-16T14:07:48","guid":{"rendered":"https:\/\/ligna-systems.com\/a-propos\/notre-equipe\/"},"modified":"2022-08-16T16:07:48","modified_gmt":"2022-08-16T14:07:48","slug":"notre-equipe","status":"publish","type":"page","link":"https:\/\/ligna.cloth.be\/fr-ca\/a-propos\/notre-equipe\/","title":{"rendered":"Notre \u00e9quipe"},"content":{"rendered":"<div id=\"\" class=\"section section-row text-dark margin-\">\n\t<div class=\"wrapper-mini\">\n\t\t<div class=\"grid-row spaced-xlarge  grid-align-\">\n\t\t\n<div class=\"text-dark col-12\">\n\t\t    \n<p class=\"intro\">Nos collaborateurs donnent chaque jour le meilleur d\u2019eux-m\u00eames pour vous accompagner de mani\u00e8re professionnelle et comp\u00e9tente dans les diff\u00e9rentes phases de votre projet. De la premi\u00e8re discussion sur votre projet \u00e0 la planification et jusqu\u2019\u00e0 la production : notre \u00e9quipe veille \u00e0 ce que vos souhaits soient pris en compte \u00e0 tout moment et que les d\u00e9fis de construction soient rapidement et efficacement r\u00e9solus.<\/p>\n\t\t\n\t\n<\/div>\n\t\t<\/div>\n\t<\/div>\n\n\t\n\t\n\t<!--<div class=\"slanting-side slanting-del\"><\/div>-->\n<\/div><div id=\"\" class=\"section section-row  margin-large\">\n\t<div class=\"wrapper-mini\">\n\t\t<div class=\"grid-row spaced-medium default grid-align-top\">\n\t\t\n<div class=\"text-dark col-12\">\n\t\t    \n<p class=\"has-text-align-center quote h3 colored\">\u00ab Nous misons sur un contact personnel \u00e0 chaque \u00e9tape de la construction \u00bb<\/p>\n\t\t\n\t\n<\/div>\n\t\t<\/div>\n\t<\/div>\n\n\t\n\t\n\t<!--<div class=\"slanting-side slanting-del\"><\/div>-->\n<\/div><div id=\"\" class=\"section section-row  margin-large\">\n\t<div class=\"wrapper-small\">\n\t\t<div class=\"grid-row spaced-xlarge bordered grid-align-top\">\n\t\t\n<div class=\"text-dark col-12\">\n\t\t    \n<h3 class=\"wp-block-heading\"><strong>Envie de fa\u00e7onner l\u2019avenir de la construction durable avec nous ?<\/strong><\/h3>\n\n<p class=\"intro\">Nous recherchons toujours de nouveaux coll\u00e8gues formidables !<\/p>\n\n<div class=\"cloth-spacer-large\"><\/div>\n\n<span class=\"cloth-button\">\n\n\n<a class=\"btn btn-default btn-colored \" href=\"https:\/\/ligna.cloth.be\/fr\/jobs\/\" target=\"_self\">\n                <span class=\"text\">\n                    <span>Rejoignez notre \u00e9quipe<\/span>\n                    <span>Rejoignez notre \u00e9quipe<\/span>\n                <\/span>\n                <span class=\"btn-icon\"><svg class=\"arrow\" version=\"1.1\" fill=\"currentColor\" xmlns=\"http:\/\/www.w3.org\/2000\/svg\" xmlns:xlink=\"http:\/\/www.w3.org\/1999\/xlink\" x=\"0px\" y=\"0px\"\n\t viewBox=\"0 0 24 24\" style=\"enable-background:new 0 0 24 24;\" xml:space=\"preserve\">\n<path d=\"M0.5,13.4h18.4L11,21.2l2,2L23.1,13c0.3-0.3,0.4-0.6,0.4-1c0-0.4-0.1-0.7-0.4-1L13,0.8l-2,2l7.8,7.8H0.5\"><\/path>\n<\/svg>\n<\/span>\n                <span class=\"slanting-side slanting-add\"><\/span>\n            <\/a>\n<\/span>\n\t\t\n\t\n<\/div>\n\t\t<\/div>\n\t<\/div>\n\n\t\n\t\n\t<!--<div class=\"slanting-side slanting-del\"><\/div>-->\n<\/div><div class=\"section section-background text-dark margin-large section-background-color-grey\">\n            <div class=\"section-inner\">\n                \n<div id=\"\" class=\"section section-row  margin-large\">\n\t<div class=\"wrapper\">\n\t\t<div class=\"grid-row spaced-large default grid-align-top\">\n\t\t\n<div class=\"text-dark col-12\">\n\t\t    \n<div id=\"\" class=\"section section-row  margin-large\">\n\t<div class=\"wrapper-full\">\n\t\t<div class=\"grid-row spaced-medium default grid-align-top\">\n\t\t\n<div class=\"text-dark col-6\">\n\t\t    \n<span class=\"font-weight-600 h8 uppercase cloth-subtitle colored\">Les visages derri\u00e8re LIGNA systems<\/span>\n\n<h3 class=\"wp-block-heading\"><strong>Notre direction g\u00e9n\u00e9rale.<\/strong><\/h3>\n\t\t\n\t\n<\/div>\n\t\t<\/div>\n\t<\/div>\n\n\t\n\t\n\t<!--<div class=\"slanting-side slanting-del\"><\/div>-->\n<\/div>\n\n<div class=\"cloth-spacer-large\"><\/div>\n\n<div class=\"section section-team\">\n    <div class=\"wrapper-full\">\n\n        \n        <div class=\"grid-row team-grid spaced-small\">\n                                <div class=\"col-3 team-member\">\n                        <div class=\"media media-ratio-3-4\">\n                            <div class=\"media-item\"><img decoding=\"async\" src=\"https:\/\/ligna.cloth.be\/wp-content\/uploads\/2023\/03\/team-sarah-512x768.jpg\" class=\"attachment-thumb_small size-thumb_small wp-post-image\" alt=\"team Sarah\" srcset=\"https:\/\/ligna.cloth.be\/wp-content\/uploads\/2023\/03\/team-sarah-512x768.jpg 512w, https:\/\/ligna.cloth.be\/wp-content\/uploads\/2023\/03\/team-sarah-200x300.jpg 200w, https:\/\/ligna.cloth.be\/wp-content\/uploads\/2023\/03\/team-sarah-352x528.jpg 352w, https:\/\/ligna.cloth.be\/wp-content\/uploads\/2023\/03\/team-sarah.jpg 600w\" sizes=\"(max-width: 512px) 100vw, 512px\" \/><\/div>\n                            <div class=\"slanting-side slanting-del\"><\/div>\n                        <\/div>\n                        <h2 class=\"team-name h4\">Sarah Dupuis<\/h2>\n                        <h3 class=\"team-role h8 grey\">Vertrieb<\/h3>\n                    <\/div>\n                                        <div class=\"col-3 team-member\">\n                        <div class=\"media media-ratio-3-4\">\n                            <div class=\"media-item\"><img decoding=\"async\" src=\"https:\/\/ligna.cloth.be\/wp-content\/uploads\/2023\/03\/team-stefan-s-512x767.jpg\" class=\"attachment-thumb_small size-thumb_small wp-post-image\" alt=\"team Stephan\" srcset=\"https:\/\/ligna.cloth.be\/wp-content\/uploads\/2023\/03\/team-stefan-s-512x767.jpg 512w, https:\/\/ligna.cloth.be\/wp-content\/uploads\/2023\/03\/team-stefan-s-200x300.jpg 200w, https:\/\/ligna.cloth.be\/wp-content\/uploads\/2023\/03\/team-stefan-s-352x527.jpg 352w, https:\/\/ligna.cloth.be\/wp-content\/uploads\/2023\/03\/team-stefan-s.jpg 600w\" sizes=\"(max-width: 512px) 100vw, 512px\" \/><\/div>\n                            <div class=\"slanting-side slanting-del\"><\/div>\n                        <\/div>\n                        <h2 class=\"team-name h4\">Stephan Schwall<\/h2>\n                        <h3 class=\"team-role h8 grey\">Produktion, Einkauf &amp; Transport<\/h3>\n                    <\/div>\n                                        <div class=\"col-3 team-member\">\n                        <div class=\"media media-ratio-3-4\">\n                            <div class=\"media-item\"><img decoding=\"async\" src=\"https:\/\/ligna.cloth.be\/wp-content\/uploads\/2023\/03\/team-manuel-512x767.jpg\" class=\"attachment-thumb_small size-thumb_small wp-post-image\" alt=\"Projektleitung Manuel\" srcset=\"https:\/\/ligna.cloth.be\/wp-content\/uploads\/2023\/03\/team-manuel-512x767.jpg 512w, https:\/\/ligna.cloth.be\/wp-content\/uploads\/2023\/03\/team-manuel-200x300.jpg 200w, https:\/\/ligna.cloth.be\/wp-content\/uploads\/2023\/03\/team-manuel-352x527.jpg 352w, https:\/\/ligna.cloth.be\/wp-content\/uploads\/2023\/03\/team-manuel.jpg 600w\" sizes=\"(max-width: 512px) 100vw, 512px\" \/><\/div>\n                            <div class=\"slanting-side slanting-del\"><\/div>\n                        <\/div>\n                        <h2 class=\"team-name h4\">Manuel Dupuis<\/h2>\n                        <h3 class=\"team-role h8 grey\">Projektleitung<\/h3>\n                    <\/div>\n                                        <div class=\"col-3 team-member\">\n                        <div class=\"media media-ratio-3-4\">\n                            <div class=\"media-item\"><img decoding=\"async\" src=\"https:\/\/ligna.cloth.be\/wp-content\/uploads\/2023\/03\/team-jan.jpg\" class=\"attachment-thumb_small size-thumb_small wp-post-image\" alt=\"Entwicklung &amp; Automatisierung Jan\" srcset=\"https:\/\/ligna.cloth.be\/wp-content\/uploads\/2023\/03\/team-jan.jpg 400w, https:\/\/ligna.cloth.be\/wp-content\/uploads\/2023\/03\/team-jan-200x300.jpg 200w, https:\/\/ligna.cloth.be\/wp-content\/uploads\/2023\/03\/team-jan-352x528.jpg 352w\" sizes=\"(max-width: 400px) 100vw, 400px\" \/><\/div>\n                            <div class=\"slanting-side slanting-del\"><\/div>\n                        <\/div>\n                        <h2 class=\"team-name h4\">Jan Heinrichs<\/h2>\n                        <h3 class=\"team-role h8 grey\">Entwicklung &amp; Automatisierung <\/h3>\n                    <\/div>\n                                        <div class=\"col-3 team-member\">\n                        <div class=\"media media-ratio-3-4\">\n                            <div class=\"media-item\"><img decoding=\"async\" src=\"https:\/\/ligna.cloth.be\/wp-content\/uploads\/2023\/03\/team-michael-512x768.jpg\" class=\"attachment-thumb_small size-thumb_small wp-post-image\" alt=\"team Michael\" srcset=\"https:\/\/ligna.cloth.be\/wp-content\/uploads\/2023\/03\/team-michael-512x768.jpg 512w, https:\/\/ligna.cloth.be\/wp-content\/uploads\/2023\/03\/team-michael-200x300.jpg 200w, https:\/\/ligna.cloth.be\/wp-content\/uploads\/2023\/03\/team-michael-352x528.jpg 352w, https:\/\/ligna.cloth.be\/wp-content\/uploads\/2023\/03\/team-michael.jpg 600w\" sizes=\"(max-width: 512px) 100vw, 512px\" \/><\/div>\n                            <div class=\"slanting-side slanting-del\"><\/div>\n                        <\/div>\n                        <h2 class=\"team-name h4\">Michael Hilgers<\/h2>\n                        <h3 class=\"team-role h8 grey\">Gesch\u00e4ftsf\u00fchrung, IT &amp; Softwareentwicklung<\/h3>\n                    <\/div>\n                                        <div class=\"col-3 team-member\">\n                        <div class=\"media media-ratio-3-4\">\n                            <div class=\"media-item\"><img decoding=\"async\" src=\"https:\/\/ligna.cloth.be\/wp-content\/uploads\/2023\/03\/team-olivier-512x768.jpg\" class=\"attachment-thumb_small size-thumb_small wp-post-image\" alt=\"team Olivier\" srcset=\"https:\/\/ligna.cloth.be\/wp-content\/uploads\/2023\/03\/team-olivier-512x768.jpg 512w, https:\/\/ligna.cloth.be\/wp-content\/uploads\/2023\/03\/team-olivier-200x300.jpg 200w, https:\/\/ligna.cloth.be\/wp-content\/uploads\/2023\/03\/team-olivier-352x528.jpg 352w, https:\/\/ligna.cloth.be\/wp-content\/uploads\/2023\/03\/team-olivier.jpg 600w\" sizes=\"(max-width: 512px) 100vw, 512px\" \/><\/div>\n                            <div class=\"slanting-side slanting-del\"><\/div>\n                        <\/div>\n                        <h2 class=\"team-name h4\">Olivier Dupuis<\/h2>\n                        <h3 class=\"team-role h8 grey\">Gesch\u00e4ftsf\u00fchrung, Firmengr\u00fcnder &amp; Gesch\u00e4ftsentwicklung<\/h3>\n                    <\/div>\n                                <div class=\"col-3 team-member\">\n\n            <\/div>\n        <\/div>\n   <\/div>\n<\/div>\n\t\t\n\t\n<\/div>\n\t\t<\/div>\n\t<\/div>\n\n\t\n\t\n\t<!--<div class=\"slanting-side slanting-del\"><\/div>-->\n<\/div>\n\n            <\/div>\n\t\t\t\n\t\t\t\n\t\n    <div class=\"section-bg\">\n\t\t<div class=\"section-bg-el bg-color-grey\"><\/div>\n\t\t\n\t\t\n\t<\/div>\n    \n            <div class=\"slanting-side slanting-del\"><\/div>\n            <div class=\"slanting-side slanting-del slanting-top\"><\/div>\n        <\/div>","protected":false},"excerpt":{"rendered":"","protected":false},"author":15,"featured_media":28165,"parent":31653,"menu_order":0,"comment_status":"closed","ping_status":"closed","template":"","meta":{"_acf_changed":false,"footnotes":""},"class_list":["post-32928","page","type-page","status-publish","has-post-thumbnail","hentry"],"acf":[],"_links":{"self":[{"href":"https:\/\/ligna.cloth.be\/fr-ca\/wp-json\/wp\/v2\/pages\/32928","targetHints":{"allow":["GET"]}}],"collection":[{"href":"https:\/\/ligna.cloth.be\/fr-ca\/wp-json\/wp\/v2\/pages"}],"about":[{"href":"https:\/\/ligna.cloth.be\/fr-ca\/wp-json\/wp\/v2\/types\/page"}],"author":[{"embeddable":true,"href":"https:\/\/ligna.cloth.be\/fr-ca\/wp-json\/wp\/v2\/users\/15"}],"replies":[{"embeddable":true,"href":"https:\/\/ligna.cloth.be\/fr-ca\/wp-json\/wp\/v2\/comments?post=32928"}],"version-history":[{"count":0,"href":"https:\/\/ligna.cloth.be\/fr-ca\/wp-json\/wp\/v2\/pages\/32928\/revisions"}],"up":[{"embeddable":true,"href":"https:\/\/ligna.cloth.be\/fr-ca\/wp-json\/wp\/v2\/pages\/31653"}],"wp:featuredmedia":[{"embeddable":true,"href":"https:\/\/ligna.cloth.be\/fr-ca\/wp-json\/wp\/v2\/media\/28165"}],"wp:attachment":[{"href":"https:\/\/ligna.cloth.be\/fr-ca\/wp-json\/wp\/v2\/media?parent=32928"}],"curies":[{"name":"wp","href":"https:\/\/api.w.org\/{rel}","templated":true}]}}