{"id":31640,"date":"2022-05-13T12:54:54","date_gmt":"2022-05-13T10:54:54","guid":{"rendered":"https:\/\/ligna.cloth.be\/?page_id=31640"},"modified":"2025-01-22T10:46:34","modified_gmt":"2025-01-22T09:46:34","slug":"contact","status":"publish","type":"page","link":"https:\/\/ligna.cloth.be\/fr-ca\/contact\/","title":{"rendered":"Contact"},"content":{"rendered":"<div id=\"\" class=\"section section-row  margin-large\">\n\t<div class=\"wrapper-small\">\n\t\t<div class=\"grid-row spaced-medium default grid-align-top\">\n\t\t\n<div class=\"text-dark col-12\">\n\t\t    \n<h2 class=\"wp-block-heading\">Votre projet. <br \/>Notre expertise.<\/h2>\n\n<p class=\"intro\">Nos experts sont \u00e0 votre disposition pour toutes vos questions concernant les solutions de structures en bois. Que ce soit pour un conseil personnalis\u00e9, une demande de projet ou des d\u00e9tails techniques, nous sommes \u00e0 votre \u00e9coute et nous r\u00e9jouissons de recevoir votre message.<\/p>\n\t\t\n\t\n<\/div>\n\t\t<\/div>\n\t<\/div>\n\n\t\n\t\n\t<!--<div class=\"slanting-side slanting-del\"><\/div>-->\n<\/div><div class=\"cloth-spacer-medium\"><\/div><div id=\"\" class=\"section section-row  margin-small\">\n\t<div class=\"wrapper-small\">\n\t\t<div class=\"grid-row spaced-medium default grid-align-top\">\n\t\t\n<div class=\"text-dark col-12\">\n\t\t    \n<h3 class=\"wp-block-heading\">Votre contact LIGNA systems\u00ae au CANADA (Est)<\/h3>\n\t\t\n\t\n<\/div>\n\t\t<\/div>\n\t<\/div>\n\n\t\n\t\n\t<!--<div class=\"slanting-side slanting-del\"><\/div>-->\n<\/div><div id=\"\" class=\"section section-row  margin-medium col-12\">\n\t<div class=\"wrapper-small\">\n\t\t<div class=\"grid-row spaced-medium default grid-align-top\">\n\t\t\n<div class=\"text-dark col-6\">\n\t\t    \n<div class=\"cloth-block-image cloth-anim\" data-parallax-speed=\"\">\n\n\n\n\t<div class=\"cloth-image-container cloth-anim-inner  media-ratio-1-1\" style=\"max-width:768px\">\n\t\t\n\t\t\n\t\t\t<span class=\"media\"><span class=\"media-item\">\t\t\t<img src=\"https:\/\/ligna.cloth.be\/wp-content\/uploads\/2024\/03\/131223_ls_jason-7824-768x1152.webp\" srcset=\"https:\/\/ligna.cloth.be\/wp-content\/uploads\/2024\/03\/131223_ls_jason-7824-768x1152.webp 1680w, https:\/\/ligna.cloth.be\/wp-content\/uploads\/2024\/03\/131223_ls_jason-7824-512x768.webp 512w\"  width=\"768\" height=\"1152\" alt=\"131223_ls_jason-7824\" decoding=\"async\" loading=\"lazy\"\/>\t\t\t\t\t\t<\/span><\/span>\n\t\t\n\t\t<div class=\"slanting-side slanting-del\"><\/div>\t\t\t\n\t<\/div>\n\n\t\n\n\t\t\t\n\t<\/div>\n\t\t\n\t\n<\/div>\n\n<div class=\"text-dark col-6\">\n\t\t    \n<p><strong>LIGNA Systems inc<\/strong><\/p>\n\n<p class=\"intro\"><strong>M. Jason Smith<\/strong><\/p>\n\n<p class=\"intro\">Directeur LIGNA Systems inc<br \/>Email: <a href=\"mailto:j.smith@ligna-systems.com\"><strong>j.smith@ligna-systems.com<\/strong><\/a><br \/>T\u00e9l: <a href=\"tel:(819)-571-6461\"><strong>(819)-571-6<\/strong>461<\/a><br \/><\/p>\n\n<div class=\"cloth-spacer-small\"><\/div>\n\n<p><strong>Adresse<\/strong> :<br \/>5 ch. Duport<br \/>Hatley (Qu\u00e9bec) J0B2C0<br \/><\/p>\n\t\t\n\t\n<\/div>\n\t\t<\/div>\n\t<\/div>\n\n\t\n\t\n\t<!--<div class=\"slanting-side slanting-del\"><\/div>-->\n<\/div><div class=\"cloth-spacer-large\"><\/div><div id=\"\" class=\"section section-row  margin-large\">\n\t<div class=\"wrapper-small\">\n\t\t<div class=\"grid-row spaced-large default grid-align-top\">\n\t\t\n<div class=\"text-dark col-4\">\n\t\t    \n<h3 class=\"wp-block-heading\"><strong>Contactez-nous <\/strong><\/h3>\n\n<p>Vous avez encore des questions sur nos produits ou services ? Ou vous avez besoin d\u2019un devis pour nos structures en bois ?<br \/><br \/>Notre \u00e9quipe se fera un plaisir de vous aider ! Utilisez notre formulaire de contact ou appelez-nous directement. Ensemble, nous trouverons la meilleure solution pour votre projet de construction.<br \/><\/p>\n\n<h4 class=\"wp-block-heading\">Coordonn\u00e9es<\/h4>\n\n<p>Email: <a href=\"mailto:j.smith@ligna-systems.com\"><strong>j.smith@ligna-systems.com<\/strong><\/a><br \/>T\u00e9l: <a href=\"tel:(819)-571-6461\"><strong>(819)-571-6<\/strong>461<\/a><\/p>\n\t\t\n\t\n<\/div>\n\n<div class=\"text-dark col-8\">\n\t\t    \n<h3 class=\"wp-block-heading\"><strong>Pour construire aujourd&rsquo;hui l&rsquo;avenir de demain !<\/strong><\/h3>\n\n<p class=\"wpcf7-contact-form-not-found\"><strong>Error:<\/strong> Contact form not found.<\/p>\n\t\t\n\t\n<\/div>\n\t\t<\/div>\n\t<\/div>\n\n\t\n\t\n\t<!--<div class=\"slanting-side slanting-del\"><\/div>-->\n<\/div>","protected":false},"excerpt":{"rendered":"","protected":false},"author":15,"featured_media":0,"parent":0,"menu_order":0,"comment_status":"closed","ping_status":"closed","template":"","meta":{"_acf_changed":false,"footnotes":""},"class_list":["post-31640","page","type-page","status-publish","hentry"],"acf":[],"_links":{"self":[{"href":"https:\/\/ligna.cloth.be\/fr-ca\/wp-json\/wp\/v2\/pages\/31640","targetHints":{"allow":["GET"]}}],"collection":[{"href":"https:\/\/ligna.cloth.be\/fr-ca\/wp-json\/wp\/v2\/pages"}],"about":[{"href":"https:\/\/ligna.cloth.be\/fr-ca\/wp-json\/wp\/v2\/types\/page"}],"author":[{"embeddable":true,"href":"https:\/\/ligna.cloth.be\/fr-ca\/wp-json\/wp\/v2\/users\/15"}],"replies":[{"embeddable":true,"href":"https:\/\/ligna.cloth.be\/fr-ca\/wp-json\/wp\/v2\/comments?post=31640"}],"version-history":[{"count":22,"href":"https:\/\/ligna.cloth.be\/fr-ca\/wp-json\/wp\/v2\/pages\/31640\/revisions"}],"predecessor-version":[{"id":32947,"href":"https:\/\/ligna.cloth.be\/fr-ca\/wp-json\/wp\/v2\/pages\/31640\/revisions\/32947"}],"wp:attachment":[{"href":"https:\/\/ligna.cloth.be\/fr-ca\/wp-json\/wp\/v2\/media?parent=31640"}],"curies":[{"name":"wp","href":"https:\/\/api.w.org\/{rel}","templated":true}]}}